{"id":803,"date":"2016-03-03T22:00:38","date_gmt":"2016-03-03T22:00:38","guid":{"rendered":"http:\/\/lkm.com.es\/es\/?page_id=803"},"modified":"2016-03-03T22:00:38","modified_gmt":"2016-03-03T22:00:38","slug":"catalogo","status":"publish","type":"page","link":"https:\/\/lkm.com.es\/es\/catalogo\/","title":{"rendered":"Cat\u00e1logo"},"content":{"rendered":"<div      class=\"vc_row wpb_row section vc_row-fluid\" style=' text-align:left;'><div class=\" full_section_inner clearfix\"><div class=\"wpb_column vc_column_container vc_col-sm-12\"><div class=\"wpb_wrapper\">\n\t<div class=\"wpb_text_column wpb_content_element \">\n\t\t<div class=\"wpb_wrapper\">\n\t\t\t<h4 style=\"text-align: center;\"><strong>Desc\u00e1rgate aqu\u00ed el cat\u00e1logo de productos <a href=\"http:\/\/www.bennye.com\/image\/BNC_32pg_Pro.Cat-F-2.25.13.pdf\" target=\"_blank\">BEN NYE<\/a><\/strong><\/h4>\n\n\t\t<\/div> \n\t<\/div> \t<div class=\"vc_empty_space\"  style=\"height: 32px\" ><span\n\t\t\tclass=\"vc_empty_space_inner\">\n\t\t\t<span class=\"empty_space_image\"  ><\/span>\n\t\t<\/span><\/div>\n\n\n\t<div class=\"wpb_single_image wpb_content_element vc_align_center\">\n\t\t<div class=\"wpb_wrapper\">\n\t\t\t\n\t\t\t<a href=\"http:\/\/www.bennye.com\/image\/BNC_32pg_Pro.Cat-F-2.25.13.pdf\" target=\"_self\"><div class=\"vc_single_image-wrapper   vc_box_border_grey\"><img loading=\"lazy\" decoding=\"async\" width=\"222\" height=\"287\" src=\"https:\/\/lkm.com.es\/es\/wp-content\/uploads\/2016\/03\/BNC.MASTERCov.sm_.FF_.pn42015.png\" class=\"vc_single_image-img attachment-medium\" alt=\"Cat\u00e1logo Ben Nye maquillaje\" \/><\/div><\/a>\n\t\t<\/div>\n\t<\/div>\n\t<div class=\"vc_empty_space\"  style=\"height: 32px\" ><span\n\t\t\tclass=\"vc_empty_space_inner\">\n\t\t\t<span class=\"empty_space_image\"  ><\/span>\n\t\t<\/span><\/div>\n\n<\/div><\/div><\/div><\/div>\n","protected":false},"excerpt":{"rendered":"Desc\u00e1rgate aqu\u00ed el cat\u00e1logo de productos BEN NYE","protected":false},"author":1,"featured_media":0,"parent":0,"menu_order":0,"comment_status":"closed","ping_status":"closed","template":"","meta":{"footnotes":""},"class_list":["post-803","page","type-page","status-publish","hentry"],"_links":{"self":[{"href":"https:\/\/lkm.com.es\/es\/wp-json\/wp\/v2\/pages\/803","targetHints":{"allow":["GET"]}}],"collection":[{"href":"https:\/\/lkm.com.es\/es\/wp-json\/wp\/v2\/pages"}],"about":[{"href":"https:\/\/lkm.com.es\/es\/wp-json\/wp\/v2\/types\/page"}],"author":[{"embeddable":true,"href":"https:\/\/lkm.com.es\/es\/wp-json\/wp\/v2\/users\/1"}],"replies":[{"embeddable":true,"href":"https:\/\/lkm.com.es\/es\/wp-json\/wp\/v2\/comments?post=803"}],"version-history":[{"count":4,"href":"https:\/\/lkm.com.es\/es\/wp-json\/wp\/v2\/pages\/803\/revisions"}],"predecessor-version":[{"id":808,"href":"https:\/\/lkm.com.es\/es\/wp-json\/wp\/v2\/pages\/803\/revisions\/808"}],"wp:attachment":[{"href":"https:\/\/lkm.com.es\/es\/wp-json\/wp\/v2\/media?parent=803"}],"curies":[{"name":"wp","href":"https:\/\/api.w.org\/{rel}","templated":true}]}}