{"id":762,"date":"2016-01-25T10:17:41","date_gmt":"2016-01-25T10:17:41","guid":{"rendered":"http:\/\/lkm.com.es\/es\/?page_id=762"},"modified":"2016-01-25T10:18:12","modified_gmt":"2016-01-25T10:18:12","slug":"noticias","status":"publish","type":"page","link":"https:\/\/lkm.com.es\/es\/noticias\/","title":{"rendered":"Noticias"},"content":{"rendered":"<div      class=\"vc_row wpb_row section vc_row-fluid\" style=' text-align:left;'><div class=\" full_section_inner clearfix\"><div class=\"wpb_column vc_column_container vc_col-sm-12\"><div class=\"wpb_wrapper\"><div      class=\"vc_row wpb_row section vc_inner vc_row-fluid\" style=' text-align:left;'><div class=\" full_section_inner clearfix\"><div class=\"wpb_column vc_column_container vc_col-sm-12\"><div class=\"wpb_wrapper\"><div class='q_masonry_blog'><article  class='post-783 post type-post status-publish format-standard has-post-thumbnail hentry category-s1-news category-sin-categoria '><div class=\"q_masonry_blog_post_image\"><a href=\"https:\/\/lkm.com.es\/es\/riposa-humana-con-cuerpos-pintados-en-lkm\/\" target=\"_self\"><img decoding=\"async\" src=\"https:\/\/lkm.com.es\/es\/wp-content\/uploads\/2016\/01\/mariposa-humana.png\" \/><\/a><\/div><div class=\"q_masonry_blog_post_text\"><h5 class=\"q_masonry_blog_title \"><a href=\"https:\/\/lkm.com.es\/es\/riposa-humana-con-cuerpos-pintados-en-lkm\/\">MARIPOSA HUMANA con cuerpos pintados en LKM<\/a><\/h5><p class=\"q_masonry_blog_excerpt\">El comienzo de a\u00f1o lo hicimos entre modelos,brochas, pinceles, c\u00e1maras, maquilladoras, aguacolores, plantillas, fot\u00f3grafos, pigmentos, esponjas, cuerpos, aer\u00f3grafos, luces y dem\u00e1s parafernalias necesarias para realizar un maquillaje corporal juntando varios cuerpos pintados para configurar un bodypainting llamado &#8220;mariposa humana&#8221;. en el Plat\u00f3 &#8211; estudio fotogr\u00e1fico......<\/p><div class=\"q_masonry_blog_post_info\"><span class=\"time\">17 enero, 2016<\/span> \/ <a class=\"post_comments\" href=\"https:\/\/lkm.com.es\/es\/riposa-humana-con-cuerpos-pintados-en-lkm\/#respond\">No comment<\/a><\/div><\/div><\/article><article  class='post-781 post type-post status-publish format-standard has-post-thumbnail hentry category-c1-latest-news category-s1-news category-sin-categoria '><div class=\"q_masonry_blog_post_image\"><a href=\"https:\/\/lkm.com.es\/es\/video-book-a-oliver-morellon\/\" target=\"_self\"><img decoding=\"async\" src=\"https:\/\/lkm.com.es\/es\/wp-content\/uploads\/2016\/01\/Oliver-Morellon.png\" \/><\/a><\/div><div class=\"q_masonry_blog_post_text\"><h5 class=\"q_masonry_blog_title \"><a href=\"https:\/\/lkm.com.es\/es\/video-book-a-oliver-morellon\/\">Video Book a Oliver Morellon<\/a><\/h5><p class=\"q_masonry_blog_excerpt\">Un trabajo de caracterizaci\u00f3n de personajes realizado al actor Oliver Morellon donde Elvira Garc\u00eda Gimeno y Anabella Montalban realizaron la peluquer\u00eda, posticer\u00eda y el maquillaje. Grabado en nuestros estudios de Atocha y localizaciones exteriores de Madrid, rodado por Alexis Gardu\u00f1o de Cinematiza y con la......<\/p><div class=\"q_masonry_blog_post_info\"><span class=\"time\">12 enero, 2016<\/span> \/ <a class=\"post_comments\" href=\"https:\/\/lkm.com.es\/es\/video-book-a-oliver-morellon\/#respond\">No comment<\/a><\/div><\/div><\/article><article  class='post-750 post type-post status-publish format-standard has-post-thumbnail hentry category-sin-categoria '><div class=\"q_masonry_blog_post_image\"><a href=\"https:\/\/lkm.com.es\/es\/caracterizacion-en-darth-maul-para-estreno-star-wars-el-despertar-de-la-fuerza\/\" target=\"_self\"><img decoding=\"async\" src=\"https:\/\/lkm.com.es\/es\/wp-content\/uploads\/2015\/12\/darth-maul_mini-1.jpg\" \/><\/a><\/div><div class=\"q_masonry_blog_post_text\"><h5 class=\"q_masonry_blog_title \"><a href=\"https:\/\/lkm.com.es\/es\/caracterizacion-en-darth-maul-para-estreno-star-wars-el-despertar-de-la-fuerza\/\">Caracterizacion en Darth Maul para estreno Star Wars El despertar de la fuerza<\/a><\/h5><p class=\"q_masonry_blog_excerpt\">Con motivo del estreno de la pel\u00edcula de Star Wars el Despertar de la Fuerza en Madrid tuvimos el placer de caracterizar a Sergio P\u00e9rez en el m\u00edtico personaje Darth Maul, os dejamos el proceso en im\u00e1genes fotogr\u00e1ficas. Que la fuerza os acompa\u00f1e en estas......<\/p><div class=\"q_masonry_blog_post_info\"><span class=\"time\">23 diciembre, 2015<\/span> \/ <a class=\"post_comments\" href=\"https:\/\/lkm.com.es\/es\/caracterizacion-en-darth-maul-para-estreno-star-wars-el-despertar-de-la-fuerza\/#respond\">No comment<\/a><\/div><\/div><\/article><article  class='post-283 post type-post status-publish format-standard has-post-thumbnail hentry category-c1-latest-news tag-chroma tag-plato tag-plato-lkm tag-rodaje tag-sexy-zebras tag-studio-lkm tag-videoclip '><div class=\"q_masonry_blog_post_image\"><a href=\"https:\/\/lkm.com.es\/es\/nuevo-video-de-sexy-zebras-rodado-en-lkm\/\" target=\"_self\"><img decoding=\"async\" src=\"https:\/\/lkm.com.es\/es\/wp-content\/uploads\/2015\/10\/sexy-zebras.png\" \/><\/a><\/div><div class=\"q_masonry_blog_post_text\"><h5 class=\"q_masonry_blog_title \"><a href=\"https:\/\/lkm.com.es\/es\/nuevo-video-de-sexy-zebras-rodado-en-lkm\/\">Nuevo Video de Sexy Zebras Rodado en LKM<\/a><\/h5><p class=\"q_masonry_blog_excerpt\">Aqui os linko el \u00faltimo video \u00a0EL FUGITIVO de la Banda Madrile\u00f1a &#8220;Sexy Zebras&#8221; Dirigido por Ismael Souissi\u00a0rodado integramente en nuestro plat\u00f3, \u00a0utilizando el chroma en paredes y suelo. Rock ca\u00f1ero que os movera de en vuestra silla disfrutarlo. Enhorabuena a todo el equipo que......<\/p><div class=\"q_masonry_blog_post_info\"><span class=\"time\">01 octubre, 2015<\/span> \/ <a class=\"post_comments\" href=\"https:\/\/lkm.com.es\/es\/nuevo-video-de-sexy-zebras-rodado-en-lkm\/#respond\">No comment<\/a><\/div><\/div><\/article><article  class='post-282 post type-post status-publish format-standard has-post-thumbnail hentry category-c1-latest-news '><div class=\"q_masonry_blog_post_image\"><a href=\"https:\/\/lkm.com.es\/es\/video-con-patricia-valley-para-revista-don\/\" target=\"_self\"><img decoding=\"async\" src=\"https:\/\/lkm.com.es\/es\/wp-content\/uploads\/2015\/08\/video-2-21.png\" \/><\/a><\/div><div class=\"q_masonry_blog_post_text\"><h5 class=\"q_masonry_blog_title \"><a href=\"https:\/\/lkm.com.es\/es\/video-con-patricia-valley-para-revista-don\/\">Video con Patricia Valley para Revista Don<\/a><\/h5><p class=\"q_masonry_blog_excerpt\">Una belleza natural y cautivadora envuelve a Patricia Valley, \u00a0actriz revelaci\u00f3n en \u00b4Vale\u00b4 de Estrella Damm, \u00a0en la portada de la Revista Don 17 que nos descubre un lado m\u00e1s fr\u00edo, algo cruel en este video que rodamos junto a Camaleon rental. Como siempre un......<\/p><div class=\"q_masonry_blog_post_info\"><span class=\"time\">08 agosto, 2015<\/span> \/ <a class=\"post_comments\" href=\"https:\/\/lkm.com.es\/es\/video-con-patricia-valley-para-revista-don\/#respond\">No comment<\/a><\/div><\/div><\/article><article  class='post-281 post type-post status-publish format-standard has-post-thumbnail hentry category-c1-latest-news '><div class=\"q_masonry_blog_post_image\"><a href=\"https:\/\/lkm.com.es\/es\/nos-empapamos-de-hollywood-en-parquesu\/\" target=\"_self\"><img decoding=\"async\" src=\"https:\/\/lkm.com.es\/es\/wp-content\/uploads\/2015\/07\/video-31.png\" \/><\/a><\/div><div class=\"q_masonry_blog_post_text\"><h5 class=\"q_masonry_blog_title \"><a href=\"https:\/\/lkm.com.es\/es\/nos-empapamos-de-hollywood-en-parquesu\/\">Nos empapamos de Hollywood en Parquesur<\/a><\/h5><p class=\"q_masonry_blog_excerpt\">Os mostramos el video que hemos rodado con Puerta seis estudio, rodado para promocionar el nuevo show de la fuente cibern\u00e9tica que hoy se inaugura en parquesur de Leganes no te pierdas el show y empapate de Hollywood este verano. El show tiene lugar todos......<\/p><div class=\"q_masonry_blog_post_info\"><span class=\"time\">03 julio, 2015<\/span> \/ <a class=\"post_comments\" href=\"https:\/\/lkm.com.es\/es\/nos-empapamos-de-hollywood-en-parquesu\/#respond\">No comment<\/a><\/div><\/div><\/article><article  class='post-280 post type-post status-publish format-standard hentry category-c1-latest-news tag-bromas-aparte tag-lkm-plato-lkm '><div class=\"q_masonry_blog_post_image\"><\/div><div class=\"q_masonry_blog_post_text\"><h5 class=\"q_masonry_blog_title \"><a href=\"https:\/\/lkm.com.es\/es\/bromas-aparte-rodando-en-lkm\/\">Bromas Aparte rodando en LKM<\/a><\/h5><p class=\"q_masonry_blog_excerpt\">Os queremos mostrar el videoclip del single &#8220;Dama y Vagabundo&#8221; que se rodo en el &#8220;Plat\u00f3 LKM&#8221; hace ya algunos meses para la Banda &#8220;Bromas Aparte&#8221; bajo la direccion de Alexis Gardu\u00f1o, Cinematiza y la fotograf\u00eda de\u00a0 Gualda Fotografos, el maquillaje corrio a cargo del......<\/p><div class=\"q_masonry_blog_post_info\"><span class=\"time\">25 marzo, 2015<\/span> \/ <a class=\"post_comments\" href=\"https:\/\/lkm.com.es\/es\/bromas-aparte-rodando-en-lkm\/#respond\">No comment<\/a><\/div><\/div><\/article><article  class='post-279 post type-post status-publish format-standard hentry category-c1-latest-news '><div class=\"q_masonry_blog_post_image\"><\/div><div class=\"q_masonry_blog_post_text\"><h5 class=\"q_masonry_blog_title \"><a href=\"https:\/\/lkm.com.es\/es\/vamos-a-por-los-5-millones-de-visitas\/\">Vamos a por los 5 millones de visitas<\/a><\/h5><p class=\"q_masonry_blog_excerpt\">Vamos,\u00a0 a ver si antes de los dos a\u00f1os son 5 millones de visitas, que bien lo pasamos, parace que fue ayer cuando lo rodamos un gusto Alejandro Amenabar, Mario Vaquerizo y las Nancys Rubias, Canada, Manuela y todo el equipo de rodaje. A por......<\/p><div class=\"q_masonry_blog_post_info\"><span class=\"time\">05 marzo, 2015<\/span> \/ <a class=\"post_comments\" href=\"https:\/\/lkm.com.es\/es\/vamos-a-por-los-5-millones-de-visitas\/#respond\">No comment<\/a><\/div><\/div><\/article><article  class='post-278 post type-post status-publish format-standard has-post-thumbnail hentry category-c1-latest-news '><div class=\"q_masonry_blog_post_image\"><a href=\"https:\/\/lkm.com.es\/es\/body-art-weekend-january-2015-arte-en-el-cuerpo-fin-de-semana-enero-2015\/\" target=\"_self\"><img decoding=\"async\" src=\"https:\/\/lkm.com.es\/es\/wp-content\/uploads\/2014\/10\/BAWM_rlkmwb academy page1.jpg\" \/><\/a><\/div><div class=\"q_masonry_blog_post_text\"><h5 class=\"q_masonry_blog_title \"><a href=\"https:\/\/lkm.com.es\/es\/body-art-weekend-january-2015-arte-en-el-cuerpo-fin-de-semana-enero-2015\/\">BODY ART WEEKEND JANUARY 2015 &#8211; Arte en el cuerpo Fin de semana Enero 2015<\/a><\/h5><p class=\"q_masonry_blog_excerpt\">&nbsp;&nbsp;&nbsp;&nbsp;&nbsp;&nbsp;&nbsp;&nbsp; {youtube}ej_VUfykO7w{\/youtube} http:\/\/youtu.be\/ej_VUfykO7w?list=PL4YSmi5J_frM-v09WercNHh-Ib7ZIYnDS PROXIMAMENTE: Alex Hansen&nbsp;&nbsp;&nbsp; Aerograf\u00eda y efectos especiales en&nbsp;Maquillajes Corporal&nbsp;&#8211; Airbrush &amp; SFX Bodypainting Carolyn Roper Maquillaje y fantasia facial &#8211; Make-up &amp; Facepainting&nbsp; Mike Shane&nbsp;&nbsp;&nbsp; &nbsp;Maquillaje Corporal para Publicidad &#8211; Commercial Bodypainting Erasmo Daaz&nbsp;&nbsp; Maquillaje corporal y Pintar con luz &#8211;&nbsp;Bodypainting &amp;......<\/p><div class=\"q_masonry_blog_post_info\"><span class=\"time\">27 octubre, 2014<\/span> \/ <a class=\"post_comments\" href=\"https:\/\/lkm.com.es\/es\/body-art-weekend-january-2015-arte-en-el-cuerpo-fin-de-semana-enero-2015\/#respond\">No comment<\/a><\/div><\/div><\/article><article  class='post-267 post type-post status-publish format-standard hentry category-c1-latest-news tag-caracteriza-tus-ojos tag-carne-artificial tag-colmillos tag-gelatina tag-halloween tag-haloguin tag-laca-dental tag-lapices tag-latex tag-ojos-terrorificos tag-piel-artificial tag-pintura-de-dientes tag-pintura-de-pelo tag-polvo-de-ensuciar tag-sangre-coagulada tag-sangres tag-siliconas-para-la-piel tag-te-ensenamos-a-caracterizarte-halowen tag-this-is-halloween '><div class=\"q_masonry_blog_post_image\"><\/div><div class=\"q_masonry_blog_post_text\"><h5 class=\"q_masonry_blog_title \"><a href=\"https:\/\/lkm.com.es\/es\/ya-viene-halloween-la-noche-de-los-muertos-se-acerca\/\">Ya viene Halloween, la noche de los muertos se acerca<\/a><\/h5><p class=\"q_masonry_blog_excerpt\">YA queda menos para que disfrutemos de la noche de Halloween, mas conocida en la pen\u00ednsula como la noche de los difuntos o la noche de todos los santos, en general es una noche aunque ya va ampliandose en tiempo para convertirse en una semana&nbsp;......<\/p><div class=\"q_masonry_blog_post_info\"><span class=\"time\">13 octubre, 2014<\/span> \/ <a class=\"post_comments\" href=\"https:\/\/lkm.com.es\/es\/ya-viene-halloween-la-noche-de-los-muertos-se-acerca\/#comments\">1 Comment<\/a><\/div><\/div><\/article><article  class='post-266 post type-post status-publish format-standard has-post-thumbnail hentry category-c1-latest-news '><div class=\"q_masonry_blog_post_image\"><a href=\"https:\/\/lkm.com.es\/es\/estamos-en-juan-bautista-sacchetti-4\/\" target=\"_self\"><img decoding=\"async\" src=\"https:\/\/lkm.com.es\/es\/wp-content\/uploads\/2014\/07\/truhko_img_juan bautistasachetti 4.jpg\" \/><\/a><\/div><div class=\"q_masonry_blog_post_text\"><h5 class=\"q_masonry_blog_title \"><a href=\"https:\/\/lkm.com.es\/es\/estamos-en-juan-bautista-sacchetti-4\/\">ESTAMOS EN JUAN BAUTISTA SACCHETTI 4<\/a><\/h5><p class=\"q_masonry_blog_excerpt\">Desde hoy dia 1 de Julio LKM os atiende con el mismo cari\u00f1o y profesionalidad desde su nueva tienda situada en JUAN BAUTISTA SACCHETTI 4, metro Atocha &#8211; Renfe Salida Paseo Infanta Isabel, mira como llegar AQUI. puedes pedir mas informacion en 914 310 378......<\/p><div class=\"q_masonry_blog_post_info\"><span class=\"time\">01 julio, 2014<\/span> \/ <a class=\"post_comments\" href=\"https:\/\/lkm.com.es\/es\/estamos-en-juan-bautista-sacchetti-4\/#respond\">No comment<\/a><\/div><\/div><\/article><article  class='post-263 post type-post status-publish format-standard has-post-thumbnail hentry category-c1-latest-news tag-luxury-powders-banana-ben-nye-polvos-de-matizar-banana-cameo-polvos-matificantes-polvos-iluminadores-banana-contornea-tu-rostro-con-los-polvos-ben-nye '><div class=\"q_masonry_blog_post_image\"><a href=\"https:\/\/lkm.com.es\/es\/polvos-luxury-banana-y-cameo-de-ben-nye\/\" target=\"_self\"><img decoding=\"async\" src=\"https:\/\/lkm.com.es\/es\/wp-content\/uploads\/2014\/02\/fotosweb_luxury powders.jpg\" \/><\/a><\/div><div class=\"q_masonry_blog_post_text\"><h5 class=\"q_masonry_blog_title \"><a href=\"https:\/\/lkm.com.es\/es\/polvos-luxury-banana-y-cameo-de-ben-nye\/\">Polvos Luxury Banana y Cameo de Ben Nye<\/a><\/h5><p class=\"q_masonry_blog_excerpt\">La gama de Polvos Luxury Bella de Ben Nye &#8211; &#8221; Bella Luxury Powders Ben Nye&#8221; son unos ultrafinos polvos translucidos con un acabado mate y sedoso que aportan un ligero toque de color para iluminar o enfatizar cualquiera de los cuatro tonos disponibles Cameo,......<\/p><div class=\"q_masonry_blog_post_info\"><span class=\"time\">11 febrero, 2014<\/span> \/ <a class=\"post_comments\" href=\"https:\/\/lkm.com.es\/es\/polvos-luxury-banana-y-cameo-de-ben-nye\/#respond\">No comment<\/a><\/div><\/div><\/article><article  class='post-260 post type-post status-publish format-standard hentry category-c1-latest-news tag-cine-capitol tag-estreno tag-la-kasa-del-maquillaje-halloween tag-lkm tag-viral tag-vodafone-yu '><div class=\"q_masonry_blog_post_image\"><\/div><div class=\"q_masonry_blog_post_text\"><h5 class=\"q_masonry_blog_title \"><a href=\"https:\/\/lkm.com.es\/es\/halloween-lkm-con-vodafone-yu-y-viral\/\">Halloween LKM con Vodafone YU y VIRAL<\/a><\/h5><p class=\"q_masonry_blog_excerpt\">El pasado Halloween el equipo de maquilladores de LKM &#8211; La kasa del maquillaje trabajaron para Vodafone Yu en el estreno de la pelicula &#8220;VIRAL&#8221; de Lucas Figueroa en los cines capitol realizando &#8220;maquillajes express&#8221; con aires de terror a todos los asistentes. Anteriormente Elvira......<\/p><div class=\"q_masonry_blog_post_info\"><span class=\"time\">06 noviembre, 2013<\/span> \/ <a class=\"post_comments\" href=\"https:\/\/lkm.com.es\/es\/halloween-lkm-con-vodafone-yu-y-viral\/#respond\">No comment<\/a><\/div><\/div><\/article><article  class='post-259 post type-post status-publish format-standard has-post-thumbnail hentry category-c1-latest-news '><div class=\"q_masonry_blog_post_image\"><a href=\"https:\/\/lkm.com.es\/es\/nuevos-catalogos-maquillaje-ben-nye\/\" target=\"_self\"><img decoding=\"async\" src=\"https:\/\/lkm.com.es\/es\/wp-content\/uploads\/2013\/08\/fotosweb_catalogobennye2013.jpg\" \/><\/a><\/div><div class=\"q_masonry_blog_post_text\"><h5 class=\"q_masonry_blog_title \"><a href=\"https:\/\/lkm.com.es\/es\/nuevos-catalogos-maquillaje-ben-nye\/\">Nuevos catalogos maquillaje BEN NYE<\/a><\/h5><p class=\"q_masonry_blog_excerpt\">Todos los productos de la prestigiosa firma de maquillaje profesional en el CATALOGO DE BEN NYE 2013, en este su 46 aniversario de vida la firma Ben Nye sigue mejorando la calidad de sus productos con un cuidado artesanal actualizando las tecnicas en su cadena......<\/p><div class=\"q_masonry_blog_post_info\"><span class=\"time\">06 noviembre, 2013<\/span> \/ <a class=\"post_comments\" href=\"https:\/\/lkm.com.es\/es\/nuevos-catalogos-maquillaje-ben-nye\/#respond\">No comment<\/a><\/div><\/div><\/article><article  class='post-249 post type-post status-publish format-standard has-post-thumbnail hentry category-c1-latest-news tag-brochas tag-cabeza tag-mango tag-manta-de-pinceles tag-mechon tag-pinceles-de-maquillaje tag-punta tag-virola '><div class=\"q_masonry_blog_post_image\"><a href=\"https:\/\/lkm.com.es\/es\/mantas-de-pinceles-esencial-un-buen-kit-de-pinceles\/\" target=\"_self\"><img decoding=\"async\" src=\"https:\/\/lkm.com.es\/es\/wp-content\/uploads\/2013\/10\/fotosweb_manta piel 29ud.jpg\" \/><\/a><\/div><div class=\"q_masonry_blog_post_text\"><h5 class=\"q_masonry_blog_title \"><a href=\"https:\/\/lkm.com.es\/es\/mantas-de-pinceles-esencial-un-buen-kit-de-pinceles\/\">Mantas de pinceles, esencial un buen kit de pinceles<\/a><\/h5><p class=\"q_masonry_blog_excerpt\">Para todo usuario de maquillaje ya sea profesional o amater lo mas importante es trabajar con herramientas utensilios y productos que aseguren un buen acabado en sus creaciones y trabajos. Los utensilios mas importantes son los pinceles o la &#8220;prolongacion de nuestras manos y dedos&#8221;,......<\/p><div class=\"q_masonry_blog_post_info\"><span class=\"time\">05 octubre, 2013<\/span> \/ <a class=\"post_comments\" href=\"https:\/\/lkm.com.es\/es\/mantas-de-pinceles-esencial-un-buen-kit-de-pinceles\/#respond\">No comment<\/a><\/div><\/div><\/article><article  class='post-258 post type-post status-publish format-standard has-post-thumbnail hentry category-c1-latest-news tag-esclerales tag-lentes-de-fantasia tag-lentes-escleras tag-lentillas-de-colores tag-lentillas-de-fantasia tag-lentillas-escleras tag-lentillas-que-cubran-todo-el-ojo tag-lentillas-semiescleras '><div class=\"q_masonry_blog_post_image\"><a href=\"https:\/\/lkm.com.es\/es\/lentes-de-fantasia-un-gran-complemento-a-tu-caracterizacion-o-maquillaje-para-halloween\/\" target=\"_self\"><img decoding=\"async\" src=\"https:\/\/lkm.com.es\/es\/wp-content\/uploads\/2013\/10\/fotosweb_lentes de fantasia.jpg\" \/><\/a><\/div><div class=\"q_masonry_blog_post_text\"><h5 class=\"q_masonry_blog_title \"><a href=\"https:\/\/lkm.com.es\/es\/lentes-de-fantasia-un-gran-complemento-a-tu-caracterizacion-o-maquillaje-para-halloween\/\">Lentes de fantasia un gran complemento  a tu caracterizacion o maquillaje para Halloween<\/a><\/h5><p class=\"q_masonry_blog_excerpt\">Una vez has elegido tu personaje terror\u00edfico para este halloween debes de cuidar cada uno de los aspectos que componen tu caracterizaci\u00f3n, vestuario, maquillaje, peluquer\u00eda, u\u00f1as, ojos y atrezzo. Cada parte es importante para conseguir el todo. Una caracterizacion para Halloween necesita de&nbsp; buenos productos......<\/p><div class=\"q_masonry_blog_post_info\"><span class=\"time\">04 octubre, 2013<\/span> \/ <a class=\"post_comments\" href=\"https:\/\/lkm.com.es\/es\/lentes-de-fantasia-un-gran-complemento-a-tu-caracterizacion-o-maquillaje-para-halloween\/#respond\">No comment<\/a><\/div><\/div><\/article><article  class='post-236 post type-post status-publish format-standard has-post-thumbnail hentry category-c1-latest-news tag-bases-en-crema tag-creamy-foundation tag-fondos-de-maquillaje-en-crema tag-las-9-bases-basicas '><div class=\"q_masonry_blog_post_image\"><a href=\"https:\/\/lkm.com.es\/es\/bases-de-maquillaje-creme-foundations\/\" target=\"_self\"><img decoding=\"async\" src=\"https:\/\/lkm.com.es\/es\/wp-content\/uploads\/2013\/09\/fotosweb_creme foundations 890.jpg\" \/><\/a><\/div><div class=\"q_masonry_blog_post_text\"><h5 class=\"q_masonry_blog_title \"><a href=\"https:\/\/lkm.com.es\/es\/bases-de-maquillaje-creme-foundations\/\">Bases de maquillaje, Creme Foundations<\/a><\/h5><p class=\"q_masonry_blog_excerpt\">Con las bases en crema,&nbsp; Creme Foundations de Ben Nye de 14gm podras maquillar todo tipo de cutis para embellecer, transformar y caracterizar. Las bases se pueden mezclar facilmente con correctores, coloretes, sombras, iluminadores, colors en crema o con otras bases obteniendo muy buenos resultados.......<\/p><div class=\"q_masonry_blog_post_info\"><span class=\"time\">26 septiembre, 2013<\/span> \/ <a class=\"post_comments\" href=\"https:\/\/lkm.com.es\/es\/bases-de-maquillaje-creme-foundations\/#respond\">No comment<\/a><\/div><\/div><\/article><article  class='post-228 post type-post status-publish format-standard has-post-thumbnail hentry category-c1-latest-news tag-lkm-la-casa-del-maquillaje tag-pestana-de-colores tag-pestanas-de-fantasia tag-pestanas-de-plumas tag-pestanas-postizas tag-pestanones '><div class=\"q_masonry_blog_post_image\"><a href=\"https:\/\/lkm.com.es\/es\/pestanas-postizas-naturales-y-de-fantasia\/\" target=\"_self\"><img decoding=\"async\" src=\"https:\/\/lkm.com.es\/es\/wp-content\/uploads\/2013\/09\/fotosweb_pestaas postizas.jpg\" \/><\/a><\/div><div class=\"q_masonry_blog_post_text\"><h5 class=\"q_masonry_blog_title \"><a href=\"https:\/\/lkm.com.es\/es\/pestanas-postizas-naturales-y-de-fantasia\/\">Pesta\u00f1as postizas naturales y de fantas\u00eda<\/a><\/h5><p class=\"q_masonry_blog_excerpt\">Un buen complemento que nos realzara los ojos y potenciara la mirada es sin duda las pesta\u00f1as postizas. Una pesta\u00f1a que se adapte bien a nuestro ojo, ni muy corta ni muy larga pero poblada, con las puntas redondeadas hacia arriba y espesa nos dara......<\/p><div class=\"q_masonry_blog_post_info\"><span class=\"time\">18 septiembre, 2013<\/span> \/ <a class=\"post_comments\" href=\"https:\/\/lkm.com.es\/es\/pestanas-postizas-naturales-y-de-fantasia\/#respond\">No comment<\/a><\/div><\/div><\/article><article  class='post-217 post type-post status-publish format-standard has-post-thumbnail hentry category-c1-latest-news tag-banana tag-banana-luxury-powder tag-beige-suede tag-bella-luxury-powders-ben-nye tag-buff tag-camel tag-cameo tag-caramello tag-polvos tag-polvos-banana tag-polvos-luxury-bella-de-ben-nye '><div class=\"q_masonry_blog_post_image\"><a href=\"https:\/\/lkm.com.es\/es\/polvos-luxury-ben-nye-luxury-powders\/\" target=\"_self\"><img decoding=\"async\" src=\"https:\/\/lkm.com.es\/es\/wp-content\/uploads\/2013\/09\/fotosweb_luxury powder ben nye polvos.jpg\" \/><\/a><\/div><div class=\"q_masonry_blog_post_text\"><h5 class=\"q_masonry_blog_title \"><a href=\"https:\/\/lkm.com.es\/es\/polvos-luxury-ben-nye-luxury-powders\/\">Polvos Luxury Ben Nye Luxury Powders<\/a><\/h5><p class=\"q_masonry_blog_excerpt\">La gama de Polvos Luxury Bella de Ben Nye &#8211; &#8221; Bella Luxury Powders Ben Nye&#8221; son unos ultrafinos polvos translucidos con un acabado mate y sedoso que aportan un ligero toque de color para iluminar o enfatizar cualquiera de los cuatro tonos disponibles Cameo,......<\/p><div class=\"q_masonry_blog_post_info\"><span class=\"time\">17 septiembre, 2013<\/span> \/ <a class=\"post_comments\" href=\"https:\/\/lkm.com.es\/es\/polvos-luxury-ben-nye-luxury-powders\/#respond\">No comment<\/a><\/div><\/div><\/article><article  class='post-213 post type-post status-publish format-standard has-post-thumbnail hentry category-c1-latest-news tag-beauty-makeup tag-bodypainting tag-character-makeup tag-cuerpos-pintados tag-curso-de-maquillaje tag-cursos-de-caracterizacion tag-cursos-de-maquillaje-profesional tag-efectos-especiales-de-maquillaje tag-escuela-de-maquillje tag-escuela-truhko tag-lkm tag-maquillaje-corporal tag-maquillaje-de-caracterizacion tag-maquillaje-de-efectos tag-truhko tag-truhko-make-up '><div class=\"q_masonry_blog_post_image\"><a href=\"https:\/\/lkm.com.es\/es\/comienzan-los-cursos-en-la-escuela-maquillaje-truhko-make-up-de-madrid\/\" target=\"_self\"><img decoding=\"async\" src=\"https:\/\/lkm.com.es\/es\/wp-content\/uploads\/2013\/09\/jaslideshow_Beauty2_690_350.jpg\" \/><\/a><\/div><div class=\"q_masonry_blog_post_text\"><h5 class=\"q_masonry_blog_title \"><a href=\"https:\/\/lkm.com.es\/es\/comienzan-los-cursos-en-la-escuela-maquillaje-truhko-make-up-de-madrid\/\">Comienzan los cursos en la Escuela Maquillaje Truhko Make Up de Madrid<\/a><\/h5><p class=\"q_masonry_blog_excerpt\">Este lunes 16 de septiembre comienzan los cursos en TRUHKO make up&nbsp;&nbsp;&nbsp; en la diferentes especializaciones que este centro os propone aqui abajo. Os dejamos un video con algunos de los trabajos que los alumnos de la pasada promoci\u00f3n realizaron en sus cursos. {youtube}Q2aOKlCVBcc{\/youtube} http:\/\/youtu.be\/Q2aOKlCVBcc......<\/p><div class=\"q_masonry_blog_post_info\"><span class=\"time\">13 septiembre, 2013<\/span> \/ <a class=\"post_comments\" href=\"https:\/\/lkm.com.es\/es\/comienzan-los-cursos-en-la-escuela-maquillaje-truhko-make-up-de-madrid\/#respond\">No comment<\/a><\/div><\/div><\/article><\/div><\/div><\/div><\/div><\/div><\/div><\/div><\/div><\/div>\n","protected":false},"excerpt":{"rendered":"Este lunes 16 de septiembre comienzan los cursos en TRUHKO make up&nbsp;&nbsp;&nbsp; en la diferentes especializaciones que este centro os propone aqui abajo.Os dejamos un video con algunos de los trabajos que los alumnos de la pasada promoci\u00f3n realizaron en sus cursos.{youtube}Q2aOKlCVBcc{\/youtube}http:\/\/youtu.be\/Q2aOKlCVBcc*Cursos Sabados *Moda, Cine,...","protected":false},"author":1,"featured_media":0,"parent":0,"menu_order":0,"comment_status":"closed","ping_status":"closed","template":"","meta":{"footnotes":""},"class_list":["post-762","page","type-page","status-publish","hentry"],"_links":{"self":[{"href":"https:\/\/lkm.com.es\/es\/wp-json\/wp\/v2\/pages\/762","targetHints":{"allow":["GET"]}}],"collection":[{"href":"https:\/\/lkm.com.es\/es\/wp-json\/wp\/v2\/pages"}],"about":[{"href":"https:\/\/lkm.com.es\/es\/wp-json\/wp\/v2\/types\/page"}],"author":[{"embeddable":true,"href":"https:\/\/lkm.com.es\/es\/wp-json\/wp\/v2\/users\/1"}],"replies":[{"embeddable":true,"href":"https:\/\/lkm.com.es\/es\/wp-json\/wp\/v2\/comments?post=762"}],"version-history":[{"count":3,"href":"https:\/\/lkm.com.es\/es\/wp-json\/wp\/v2\/pages\/762\/revisions"}],"predecessor-version":[{"id":765,"href":"https:\/\/lkm.com.es\/es\/wp-json\/wp\/v2\/pages\/762\/revisions\/765"}],"wp:attachment":[{"href":"https:\/\/lkm.com.es\/es\/wp-json\/wp\/v2\/media?parent=762"}],"curies":[{"name":"wp","href":"https:\/\/api.w.org\/{rel}","templated":true}]}}