{"id":351,"date":"2015-10-29T10:55:59","date_gmt":"2015-10-29T10:55:59","guid":{"rendered":"http:\/\/lkm.com.es\/es\/?page_id=351"},"modified":"2015-11-17T18:52:03","modified_gmt":"2015-11-17T18:52:03","slug":"formacion","status":"publish","type":"page","link":"https:\/\/lkm.com.es\/es\/formacion\/","title":{"rendered":"Formaci\u00f3n"},"content":{"rendered":"<h2 class=\"contentheading\"><a class=\"contentpagetitle\" href=\"https:\/\/lkm.com.es\/index.php?option=com_content&amp;amp;view=article&amp;amp;id=17:formacion&amp;amp;Itemid=33\"> Servicios de Formacion &#8211; LKM &#8211; La Casa del Maquillaje <\/a><\/h2>\n<div class=\"article-content\">Te formamos en el conocimiento de los nuevos productos en el mercado con el \u00fanico requisito de pasarte y preguntar\u00a0 tus dudas.Ampliamos tus conocimientos sobre tu maquillaje personal a trav\u00e9s de las clases de automaquillaje personalizadas .<\/p>\n<p>Te asesoramos sobre tu\u00a0 futuro profesional si deseas finalmente ser un maquillador profesional.<\/p>\n<p>Clases de Automaquillaje<\/p>\n<p>\u00bfNecesitas mejorar tu imagen? \u00bfQuieres sacar mayor\u00a0 partido a tu rostro potenciando o suavizando tus rasgos y saber utilizar mejor esos productos o maquillajes que tanto te gustan? \u00bfprefieres transformarte en un personaje para una fiesta?<\/p>\n<p>LKM te ofrece CLASES DE AUTOMAQUILLAJE PERSONALIZADAS<\/p>\n<p>Te ense\u00f1amos en 2:30h, qu\u00e9 te conviene y como usar esos maquillajes que har\u00e1n que te veas m\u00e1s bella,\u00a0 potenciando tu personalidad.<\/p>\n<p>O bien, como ser ese zombie, payaso, gato, spiderman o anciano que deseas ser en esa fiesta tan especial para ti.<\/p>\n<p>Elije entre:<\/p>\n<ul>\n<li>Maquillaje de Ma\u00f1ana y tarde<\/li>\n<li>Maquillaje de Noche<\/li>\n<li>Maquillaje de Fiesta o cocktail<\/li>\n<li>Maquillaje de terror<\/li>\n<li>Maquillaje de carnaval<\/li>\n<\/ul>\n<p>y\u00a0 <a href=\"https:\/\/lkm.com.es\/index.php?option=com_contact&amp;view=contact&amp;id=1&amp;Itemid=3\" target=\"_blank\">&#8220;reserva tu cita&#8221;<\/a>\u00a0 para tu clase personalizada .<\/p>\n<hr \/>\n<p>Cursos Profesionales<\/p>\n<p>Si quieres\u00a0 realizar alg\u00fan curso o seminario y ser un profesional del maquillaje <a href=\"http:\/\/www.truhko.es\/index.php?option=com_content&amp;task=view&amp;id=16&amp;Itemid=30\" target=\"_blank\">&#8220;vis\u00edtanos&#8221;<\/a><\/p>\n<p><img decoding=\"async\" src=\"https:\/\/lkm.com.es\/images\/stories\/fotosweb\/tarjeta.jpg\" alt=\"\" border=\"0\" \/><\/p>\n<\/div>\n","protected":false},"excerpt":{"rendered":"<p>Servicios de Formacion &#8211; LKM &#8211; La Casa del Maquillaje Te formamos en el conocimiento de los nuevos productos en el mercado con el \u00fanico requisito de pasarte y preguntar\u00a0 tus dudas.Ampliamos tus conocimientos sobre tu maquillaje personal a trav\u00e9s de las clases de automaquillaje&#8230;<\/p>\n","protected":false},"author":1,"featured_media":0,"parent":0,"menu_order":0,"comment_status":"closed","ping_status":"closed","template":"","meta":{"footnotes":""},"class_list":["post-351","page","type-page","status-publish","hentry"],"_links":{"self":[{"href":"https:\/\/lkm.com.es\/es\/wp-json\/wp\/v2\/pages\/351","targetHints":{"allow":["GET"]}}],"collection":[{"href":"https:\/\/lkm.com.es\/es\/wp-json\/wp\/v2\/pages"}],"about":[{"href":"https:\/\/lkm.com.es\/es\/wp-json\/wp\/v2\/types\/page"}],"author":[{"embeddable":true,"href":"https:\/\/lkm.com.es\/es\/wp-json\/wp\/v2\/users\/1"}],"replies":[{"embeddable":true,"href":"https:\/\/lkm.com.es\/es\/wp-json\/wp\/v2\/comments?post=351"}],"version-history":[{"count":2,"href":"https:\/\/lkm.com.es\/es\/wp-json\/wp\/v2\/pages\/351\/revisions"}],"predecessor-version":[{"id":632,"href":"https:\/\/lkm.com.es\/es\/wp-json\/wp\/v2\/pages\/351\/revisions\/632"}],"wp:attachment":[{"href":"https:\/\/lkm.com.es\/es\/wp-json\/wp\/v2\/media?parent=351"}],"curies":[{"name":"wp","href":"https:\/\/api.w.org\/{rel}","templated":true}]}}