{"id":320,"date":"2015-10-28T21:14:04","date_gmt":"2015-10-28T21:14:04","guid":{"rendered":"http:\/\/lkm.com.es\/es\/?page_id=320"},"modified":"2016-06-20T19:02:09","modified_gmt":"2016-06-20T19:02:09","slug":"acerca-de-lkm","status":"publish","type":"page","link":"https:\/\/lkm.com.es\/es\/acerca-de-lkm\/","title":{"rendered":"Acerca de LKM"},"content":{"rendered":"<div      class=\"vc_row wpb_row section vc_row-fluid\" style=' text-align:left;'><div class=\" full_section_inner clearfix\"><div class=\"wpb_column vc_column_container vc_col-sm-12\"><div class=\"wpb_wrapper\">\t<div class=\"vc_empty_space\"  style=\"height: 90px\" ><span\n\t\t\tclass=\"vc_empty_space_inner\">\n\t\t\t<span class=\"empty_space_image\"  ><\/span>\n\t\t<\/span><\/div>\n\n<div      class=\"vc_row wpb_row section vc_inner vc_row-fluid grid_section\" style=' text-align:left;'><div class=\" section_inner clearfix\"><div class='section_inner_margin clearfix'><div class=\"wpb_column vc_column_container vc_col-sm-12\"><div class=\"wpb_wrapper\">\n\t<div class=\"wpb_text_column wpb_content_element \">\n\t\t<div class=\"wpb_wrapper\">\n\t\t\t<h4 style=\"text-align: center;\"><span style=\"color: #000000;\"><strong>Nuestra Historia<\/strong><\/span><\/h4>\n<p>&nbsp;<\/p>\n<p><span style=\"color: #000000;\">Nace como empresa en el verano del 2005, inaugurando en diciembre al publico su espacio multifuncional, sito en la zona centro, el Barrio de Salamanca de Madrid, zona inmejorablemente bien comunicada por transporte publico y con un gran aparcamiento subterr\u00e1neo si desean acercarse en sus veh\u00edculos. Dicho espacio cuenta con una tienda especializada en productos de maquillaje profesional para cine, teatro, televisi\u00f3n, espect\u00e1culos\u2026 disponemos de sala de pruebas, taller de efectos especiales de maquillaje, solarium, zona wi-fi, cabina de servicios de belleza y cuidados para la piel, con t\u00e9cnicas como depilaci\u00f3n por l\u00e1ser, diagn\u00f3stico de la piel, manicura y u\u00f1as de porcelana y gel, tratamientos personalizados, servicios de peluquer\u00eda y un amplio etc.<\/span><\/p>\n<p><span style=\"color: #000000;\">En LKM les asesoraremos sobre los productos, las t\u00e9cnicas o las \u00faltimas novedades en el mercado para cubrir sus necesidades concretas pudiendo testar cualquiera de los productos que desee probar antes de adquirirlo.<\/span><\/p>\n<p><span style=\"color: #000000;\">LKM ademas pone a su disposici\u00f3n los servicios de profesionales del medio ya sea en nuestro local o en su domicilio para realizarle aquello que necesite por complejo que le parezca<\/span>.<\/p>\n\n\t\t<\/div> \n\t<\/div> <\/div><\/div><\/div><\/div><\/div>\t<div class=\"vc_empty_space\"  style=\"height: 90px\" ><span\n\t\t\tclass=\"vc_empty_space_inner\">\n\t\t\t<span class=\"empty_space_image\"  ><\/span>\n\t\t<\/span><\/div>\n\n<\/div><\/div><\/div><\/div>\n","protected":false},"excerpt":{"rendered":"Nuestra Historia &nbsp; Nace como empresa en el verano del 2005, inaugurando en diciembre al publico su espacio multifuncional, sito en la zona centro, el Barrio de Salamanca de Madrid, zona inmejorablemente bien comunicada por transporte publico y con un gran aparcamiento subterr\u00e1neo si desean...","protected":false},"author":1,"featured_media":0,"parent":0,"menu_order":0,"comment_status":"closed","ping_status":"closed","template":"full_width.php","meta":{"footnotes":""},"class_list":["post-320","page","type-page","status-publish","hentry"],"_links":{"self":[{"href":"https:\/\/lkm.com.es\/es\/wp-json\/wp\/v2\/pages\/320","targetHints":{"allow":["GET"]}}],"collection":[{"href":"https:\/\/lkm.com.es\/es\/wp-json\/wp\/v2\/pages"}],"about":[{"href":"https:\/\/lkm.com.es\/es\/wp-json\/wp\/v2\/types\/page"}],"author":[{"embeddable":true,"href":"https:\/\/lkm.com.es\/es\/wp-json\/wp\/v2\/users\/1"}],"replies":[{"embeddable":true,"href":"https:\/\/lkm.com.es\/es\/wp-json\/wp\/v2\/comments?post=320"}],"version-history":[{"count":10,"href":"https:\/\/lkm.com.es\/es\/wp-json\/wp\/v2\/pages\/320\/revisions"}],"predecessor-version":[{"id":845,"href":"https:\/\/lkm.com.es\/es\/wp-json\/wp\/v2\/pages\/320\/revisions\/845"}],"wp:attachment":[{"href":"https:\/\/lkm.com.es\/es\/wp-json\/wp\/v2\/media?parent=320"}],"curies":[{"name":"wp","href":"https:\/\/api.w.org\/{rel}","templated":true}]}}