{"id":318,"date":"2015-10-28T21:08:30","date_gmt":"2015-10-28T21:08:30","guid":{"rendered":"http:\/\/lkm.com.es\/es\/?page_id=318"},"modified":"2016-04-12T10:28:08","modified_gmt":"2016-04-12T10:28:08","slug":"inicio","status":"publish","type":"page","link":"https:\/\/lkm.com.es\/es\/","title":{"rendered":"TIENDA ESPECIALIZADA EN PRODUCTOS Y SERVICIOS DE MAQUILLAJE PROFESIONAL"},"content":{"rendered":"<div      class=\"vc_row wpb_row section vc_row-fluid grid_section\" style=' text-align:left;'><div class=\" section_inner clearfix\"><div class='section_inner_margin clearfix'><div class=\"wpb_column vc_column_container vc_col-sm-12\"><div class=\"wpb_wrapper\">\t<div class=\"vc_empty_space\"  style=\"height: 90px\" ><span\n\t\t\tclass=\"vc_empty_space_inner\">\n\t\t\t<span class=\"empty_space_image\"  ><\/span>\n\t\t<\/span><\/div>\n\n\n\t<div class=\"wpb_text_column wpb_content_element \">\n\t\t<div class=\"wpb_wrapper\">\n\t\t\t<h3 style=\"text-align: center;\"><strong>TIENDA ESPECIALIZADA EN PRODUCTOS\u00a0Y SERVICIOS DE MAQUILLAJE PROFESIONAL<\/strong><\/h3>\n\n\t\t<\/div> \n\t<\/div> <div class=\"separator  small center  \" style=\"margin-bottom: 28px;background-color: #000000;\"><\/div>\n\t<div class=\"vc_empty_space\"  style=\"height: 45px\" ><span\n\t\t\tclass=\"vc_empty_space_inner\">\n\t\t\t<span class=\"empty_space_image\"  ><\/span>\n\t\t<\/span><\/div>\n\n<div class='q_masonry_blog'><article  class='post-783 post type-post status-publish format-standard has-post-thumbnail hentry category-s1-news category-sin-categoria '><div class=\"q_masonry_blog_post_image\"><a href=\"https:\/\/lkm.com.es\/es\/riposa-humana-con-cuerpos-pintados-en-lkm\/\" target=\"_self\"><img decoding=\"async\" src=\"https:\/\/lkm.com.es\/es\/wp-content\/uploads\/2016\/01\/mariposa-humana.png\" \/><\/a><\/div><div class=\"q_masonry_blog_post_text\"><h5 class=\"q_masonry_blog_title \"><a href=\"https:\/\/lkm.com.es\/es\/riposa-humana-con-cuerpos-pintados-en-lkm\/\">MARIPOSA HUMANA con cuerpos pintados en LKM<\/a><\/h5><p class=\"q_masonry_blog_excerpt\">El comienzo de a\u00f1o lo hicimos entre modelos,brochas, pinceles, c\u00e1maras, maquilladoras, aguacolores, plantillas, fot\u00f3grafos, pigmentos, esponjas, cuerpos, aer\u00f3grafos, luces y dem\u00e1s parafernalias necesarias para realizar un maquillaje corporal juntando varios cuerpos pintados para configurar un bodypainting llamado &#8220;mariposa humana&#8221;. en el Plat\u00f3 &#8211; estudio fotogr\u00e1fico......<\/p><div class=\"q_masonry_blog_post_info\"><span class=\"time\">17 enero, 2016<\/span> \/ <a class=\"post_comments\" href=\"https:\/\/lkm.com.es\/es\/riposa-humana-con-cuerpos-pintados-en-lkm\/#respond\">No comment<\/a><\/div><\/div><\/article><article  class='post-781 post type-post status-publish format-standard has-post-thumbnail hentry category-c1-latest-news category-s1-news category-sin-categoria '><div class=\"q_masonry_blog_post_image\"><a href=\"https:\/\/lkm.com.es\/es\/video-book-a-oliver-morellon\/\" target=\"_self\"><img decoding=\"async\" src=\"https:\/\/lkm.com.es\/es\/wp-content\/uploads\/2016\/01\/Oliver-Morellon.png\" \/><\/a><\/div><div class=\"q_masonry_blog_post_text\"><h5 class=\"q_masonry_blog_title \"><a href=\"https:\/\/lkm.com.es\/es\/video-book-a-oliver-morellon\/\">Video Book a Oliver Morellon<\/a><\/h5><p class=\"q_masonry_blog_excerpt\">Un trabajo de caracterizaci\u00f3n de personajes realizado al actor Oliver Morellon donde Elvira Garc\u00eda Gimeno y Anabella Montalban realizaron la peluquer\u00eda, posticer\u00eda y el maquillaje. Grabado en nuestros estudios de Atocha y localizaciones exteriores de Madrid, rodado por Alexis Gardu\u00f1o de Cinematiza y con la......<\/p><div class=\"q_masonry_blog_post_info\"><span class=\"time\">12 enero, 2016<\/span> \/ <a class=\"post_comments\" href=\"https:\/\/lkm.com.es\/es\/video-book-a-oliver-morellon\/#respond\">No comment<\/a><\/div><\/div><\/article><article  class='post-750 post type-post status-publish format-standard has-post-thumbnail hentry category-sin-categoria '><div class=\"q_masonry_blog_post_image\"><a href=\"https:\/\/lkm.com.es\/es\/caracterizacion-en-darth-maul-para-estreno-star-wars-el-despertar-de-la-fuerza\/\" target=\"_self\"><img decoding=\"async\" src=\"https:\/\/lkm.com.es\/es\/wp-content\/uploads\/2015\/12\/darth-maul_mini-1.jpg\" \/><\/a><\/div><div class=\"q_masonry_blog_post_text\"><h5 class=\"q_masonry_blog_title \"><a href=\"https:\/\/lkm.com.es\/es\/caracterizacion-en-darth-maul-para-estreno-star-wars-el-despertar-de-la-fuerza\/\">Caracterizacion en Darth Maul para estreno Star Wars El despertar de la fuerza<\/a><\/h5><p class=\"q_masonry_blog_excerpt\">Con motivo del estreno de la pel\u00edcula de Star Wars el Despertar de la Fuerza en Madrid tuvimos el placer de caracterizar a Sergio P\u00e9rez en el m\u00edtico personaje Darth Maul, os dejamos el proceso en im\u00e1genes fotogr\u00e1ficas. Que la fuerza os acompa\u00f1e en estas......<\/p><div class=\"q_masonry_blog_post_info\"><span class=\"time\">23 diciembre, 2015<\/span> \/ <a class=\"post_comments\" href=\"https:\/\/lkm.com.es\/es\/caracterizacion-en-darth-maul-para-estreno-star-wars-el-despertar-de-la-fuerza\/#respond\">No comment<\/a><\/div><\/div><\/article><\/div><\/div><\/div><\/div><\/div><\/div><div      class=\"vc_row wpb_row section vc_row-fluid\" style='background-color:#eaeaea; text-align:left;'><div class=\" full_section_inner clearfix\"><div class=\"wpb_column vc_column_container vc_col-sm-12\"><div class=\"wpb_wrapper\">\t<div class=\"vc_empty_space\"  style=\"height: 90px\" ><span\n\t\t\tclass=\"vc_empty_space_inner\">\n\t\t\t<span class=\"empty_space_image\"  ><\/span>\n\t\t<\/span><\/div>\n\n\n\t<div class=\"wpb_text_column wpb_content_element \">\n\t\t<div class=\"wpb_wrapper\">\n\t\t\t<h3 style=\"text-align: center;\"><strong>NUESTROS TRABAJOS<\/strong><\/h3>\n\n\t\t<\/div> \n\t<\/div> <div class=\"separator  small center  \" style=\"margin-bottom: 28px;background-color: #000000;\"><\/div>\n\t<div class=\"vc_empty_space\"  style=\"height: 45px\" ><span\n\t\t\tclass=\"vc_empty_space_inner\">\n\t\t\t<span class=\"empty_space_image\"  ><\/span>\n\t\t<\/span><\/div>\n\n<div class='projects_holder_outer v5 portfolio_no_space portfolio_standard '><div class='projects_holder portfolio_main_holder clearfix v5 standard_no_space portfolio_square_image '>\n<article class='mix portfolio_category_304 ' style=''><div class='image_holder'><a class='portfolio_link_for_touch' href='https:\/\/lkm.com.es\/es\/portfolio_page\/maria-lapiedra-en-sesion-con-rebeca-saray\/' target='_self'><span class='image'><img loading=\"lazy\" decoding=\"async\" width=\"570\" height=\"570\" src=\"https:\/\/lkm.com.es\/es\/wp-content\/uploads\/2015\/11\/fotos-lkm-570x570.png\" class=\"attachment-portfolio-square size-portfolio-square wp-post-image\" alt=\"Mar\u00eda Lapiedra LKM\" srcset=\"https:\/\/lkm.com.es\/es\/wp-content\/uploads\/2015\/11\/fotos-lkm-570x570.png 570w, https:\/\/lkm.com.es\/es\/wp-content\/uploads\/2015\/11\/fotos-lkm-150x150.png 150w, https:\/\/lkm.com.es\/es\/wp-content\/uploads\/2015\/11\/fotos-lkm-500x500.png 500w\" sizes=\"auto, (max-width: 570px) 100vw, 570px\" \/><\/span><\/a><span class='text_holder'><span class='text_outer'><span class='text_inner'><span class='feature_holder'><span class=\"feature_holder_icons\"><a class='lightbox qbutton small white' title='Mar\u00eda Lapiedra en sesi\u00f3n con Rebeca Saray' href='https:\/\/lkm.com.es\/es\/wp-content\/uploads\/2015\/11\/fotos-lkm.png' data-rel='prettyPhoto[pretty_photo_gallery]'>zoom<\/a><\/span><\/span><\/span><\/span><\/span><\/div><div class='portfolio_description text_align_center'><h5 class=\"portfolio_title\"><a href=\"https:\/\/lkm.com.es\/es\/portfolio_page\/maria-lapiedra-en-sesion-con-rebeca-saray\/\"  target=\"_self\">Mar\u00eda Lapiedra en sesi\u00f3n con Rebeca Saray<\/a><\/h5><\/div><\/article>\n<article class='mix portfolio_category_305 ' style=''><div class='image_holder'><a class='portfolio_link_for_touch' href='https:\/\/lkm.com.es\/es\/portfolio_page\/modelo-maquillaje-corporal-sesion-truhko-make-up\/' target='_self'><span class='image'><img loading=\"lazy\" decoding=\"async\" width=\"570\" height=\"570\" src=\"https:\/\/lkm.com.es\/es\/wp-content\/uploads\/2015\/11\/madera-570x570.png\" class=\"attachment-portfolio-square size-portfolio-square wp-post-image\" alt=\"Maquillaje corporal Truhko Make Up\" srcset=\"https:\/\/lkm.com.es\/es\/wp-content\/uploads\/2015\/11\/madera-570x570.png 570w, https:\/\/lkm.com.es\/es\/wp-content\/uploads\/2015\/11\/madera-150x150.png 150w, https:\/\/lkm.com.es\/es\/wp-content\/uploads\/2015\/11\/madera-500x500.png 500w\" sizes=\"auto, (max-width: 570px) 100vw, 570px\" \/><\/span><\/a><span class='text_holder'><span class='text_outer'><span class='text_inner'><span class='feature_holder'><span class=\"feature_holder_icons\"><a class='lightbox qbutton small white' title='Modelo maquillaje corporal sesi\u00f3n TRUHKO Make Up' href='https:\/\/lkm.com.es\/es\/wp-content\/uploads\/2015\/11\/madera.png' data-rel='prettyPhoto[pretty_photo_gallery]'>zoom<\/a><\/span><\/span><\/span><\/span><\/span><\/div><div class='portfolio_description text_align_center'><h5 class=\"portfolio_title\"><a href=\"https:\/\/lkm.com.es\/es\/portfolio_page\/modelo-maquillaje-corporal-sesion-truhko-make-up\/\"  target=\"_self\">Modelo maquillaje corporal sesi\u00f3n TRUHKO Make Up<\/a><\/h5><\/div><\/article>\n<article class='mix portfolio_category_306 ' style=''><div class='image_holder'><a class='portfolio_link_for_touch' href='https:\/\/lkm.com.es\/es\/portfolio_page\/pilar-rubio-zombificada-sesion-rebeca-saray\/' target='_self'><span class='image'><img loading=\"lazy\" decoding=\"async\" width=\"570\" height=\"570\" src=\"https:\/\/lkm.com.es\/es\/wp-content\/uploads\/2015\/11\/pilar-rubio-zombie-570x570.png\" class=\"attachment-portfolio-square size-portfolio-square wp-post-image\" alt=\"\" srcset=\"https:\/\/lkm.com.es\/es\/wp-content\/uploads\/2015\/11\/pilar-rubio-zombie-570x570.png 570w, https:\/\/lkm.com.es\/es\/wp-content\/uploads\/2015\/11\/pilar-rubio-zombie-150x150.png 150w, https:\/\/lkm.com.es\/es\/wp-content\/uploads\/2015\/11\/pilar-rubio-zombie-500x500.png 500w\" sizes=\"auto, (max-width: 570px) 100vw, 570px\" \/><\/span><\/a><span class='text_holder'><span class='text_outer'><span class='text_inner'><span class='feature_holder'><span class=\"feature_holder_icons\"><a class='lightbox qbutton small white' title='Pilar Rubio zombificada sesi\u00f3n Rebeca Saray' href='https:\/\/lkm.com.es\/es\/wp-content\/uploads\/2015\/11\/pilar-rubio-zombie.png' data-rel='prettyPhoto[pretty_photo_gallery]'>zoom<\/a><\/span><\/span><\/span><\/span><\/span><\/div><div class='portfolio_description text_align_center'><h5 class=\"portfolio_title\"><a href=\"https:\/\/lkm.com.es\/es\/portfolio_page\/pilar-rubio-zombificada-sesion-rebeca-saray\/\"  target=\"_self\">Pilar Rubio zombificada sesi\u00f3n Rebeca Saray<\/a><\/h5><\/div><\/article>\n<article class='mix portfolio_category_305 ' style=''><div class='image_holder'><a class='portfolio_link_for_touch' href='https:\/\/lkm.com.es\/es\/portfolio_page\/modelo-bodypainting-en-fikae\/' target='_self'><span class='image'><img loading=\"lazy\" decoding=\"async\" width=\"570\" height=\"570\" src=\"https:\/\/lkm.com.es\/es\/wp-content\/uploads\/2015\/11\/fikae-570x570.jpg\" class=\"attachment-portfolio-square size-portfolio-square wp-post-image\" alt=\"\" srcset=\"https:\/\/lkm.com.es\/es\/wp-content\/uploads\/2015\/11\/fikae-570x570.jpg 570w, https:\/\/lkm.com.es\/es\/wp-content\/uploads\/2015\/11\/fikae-150x150.jpg 150w, https:\/\/lkm.com.es\/es\/wp-content\/uploads\/2015\/11\/fikae-500x500.jpg 500w\" sizes=\"auto, (max-width: 570px) 100vw, 570px\" \/><\/span><\/a><span class='text_holder'><span class='text_outer'><span class='text_inner'><span class='feature_holder'><span class=\"feature_holder_icons\"><a class='lightbox qbutton small white' title='Modelo Bodypainting en FIKAE' href='https:\/\/lkm.com.es\/es\/wp-content\/uploads\/2015\/11\/fikae.jpg' data-rel='prettyPhoto[pretty_photo_gallery]'>zoom<\/a><\/span><\/span><\/span><\/span><\/span><\/div><div class='portfolio_description text_align_center'><h5 class=\"portfolio_title\"><a href=\"https:\/\/lkm.com.es\/es\/portfolio_page\/modelo-bodypainting-en-fikae\/\"  target=\"_self\">Modelo Bodypainting en FIKAE<\/a><\/h5><\/div><\/article>\n<article class='mix portfolio_category_304 ' style=''><div class='image_holder'><a class='portfolio_link_for_touch' href='https:\/\/lkm.com.es\/es\/portfolio_page\/maria-lapiedra-en-sesion-con-rebeca-saray-2\/' target='_self'><span class='image'><img loading=\"lazy\" decoding=\"async\" width=\"570\" height=\"570\" src=\"https:\/\/lkm.com.es\/es\/wp-content\/uploads\/2015\/11\/mar\u00eda-lapiedra-570x570.png\" class=\"attachment-portfolio-square size-portfolio-square wp-post-image\" alt=\"\" srcset=\"https:\/\/lkm.com.es\/es\/wp-content\/uploads\/2015\/11\/mar\u00eda-lapiedra-570x570.png 570w, https:\/\/lkm.com.es\/es\/wp-content\/uploads\/2015\/11\/mar\u00eda-lapiedra-150x150.png 150w, https:\/\/lkm.com.es\/es\/wp-content\/uploads\/2015\/11\/mar\u00eda-lapiedra-500x500.png 500w\" sizes=\"auto, (max-width: 570px) 100vw, 570px\" \/><\/span><\/a><span class='text_holder'><span class='text_outer'><span class='text_inner'><span class='feature_holder'><span class=\"feature_holder_icons\"><a class='lightbox qbutton small white' title='Mar\u00cda Lapiedra en sesi\u00f3n con Rebeca Saray' href='https:\/\/lkm.com.es\/es\/wp-content\/uploads\/2015\/11\/mar\u00eda-lapiedra-e1447364198268.png' data-rel='prettyPhoto[pretty_photo_gallery]'>zoom<\/a><\/span><\/span><\/span><\/span><\/span><\/div><div class='portfolio_description text_align_center'><h5 class=\"portfolio_title\"><a href=\"https:\/\/lkm.com.es\/es\/portfolio_page\/maria-lapiedra-en-sesion-con-rebeca-saray-2\/\"  target=\"_self\">Mar\u00cda Lapiedra en sesi\u00f3n con Rebeca Saray<\/a><\/h5><\/div><\/article>\n<div class='filler'><\/div>\n<div class='filler'><\/div>\n<div class='filler'><\/div>\n<div class='filler'><\/div>\n<div class='filler'><\/div>\n<\/div><\/div><\/div><\/div><\/div><\/div><div      class=\"vc_row wpb_row section vc_row-fluid grid_section\" style='background-color:#eaeaea; text-align:left;'><div class=\" section_inner clearfix\"><div class='section_inner_margin clearfix'><div class=\"wpb_column vc_column_container vc_col-sm-12\"><div class=\"wpb_wrapper\">\t<div class=\"vc_empty_space\"  style=\"height: 45px\" ><span\n\t\t\tclass=\"vc_empty_space_inner\">\n\t\t\t<span class=\"empty_space_image\"  ><\/span>\n\t\t<\/span><\/div>\n\n\n\t<div class=\"wpb_text_column wpb_content_element \">\n\t\t<div class=\"wpb_wrapper\">\n\t\t\t<h4 style=\"text-align: center;\">\u00a0Pide presupuesto\u00a0\u00a0\u00a0\u00a0<a  href=\"https:\/\/lkm.com.es\/es\/contacto\/\" target=\"_blank\"  class=\"qbutton  large white\" style=\"\">Pincha aqu\u00ed<i class=\"fa fa-check\" style=\"\"><\/i><\/a><\/h4>\n\n\t\t<\/div> \n\t<\/div> \t<div class=\"vc_empty_space\"  style=\"height: 45px\" ><span\n\t\t\tclass=\"vc_empty_space_inner\">\n\t\t\t<span class=\"empty_space_image\"  ><\/span>\n\t\t<\/span><\/div>\n\n<\/div><\/div><\/div><\/div><\/div>\n","protected":false},"excerpt":{"rendered":"","protected":false},"author":1,"featured_media":0,"parent":0,"menu_order":0,"comment_status":"closed","ping_status":"closed","template":"full_width.php","meta":{"footnotes":""},"class_list":["post-318","page","type-page","status-publish","hentry"],"_links":{"self":[{"href":"https:\/\/lkm.com.es\/es\/wp-json\/wp\/v2\/pages\/318","targetHints":{"allow":["GET"]}}],"collection":[{"href":"https:\/\/lkm.com.es\/es\/wp-json\/wp\/v2\/pages"}],"about":[{"href":"https:\/\/lkm.com.es\/es\/wp-json\/wp\/v2\/types\/page"}],"author":[{"embeddable":true,"href":"https:\/\/lkm.com.es\/es\/wp-json\/wp\/v2\/users\/1"}],"replies":[{"embeddable":true,"href":"https:\/\/lkm.com.es\/es\/wp-json\/wp\/v2\/comments?post=318"}],"version-history":[{"count":10,"href":"https:\/\/lkm.com.es\/es\/wp-json\/wp\/v2\/pages\/318\/revisions"}],"predecessor-version":[{"id":818,"href":"https:\/\/lkm.com.es\/es\/wp-json\/wp\/v2\/pages\/318\/revisions\/818"}],"wp:attachment":[{"href":"https:\/\/lkm.com.es\/es\/wp-json\/wp\/v2\/media?parent=318"}],"curies":[{"name":"wp","href":"https:\/\/api.w.org\/{rel}","templated":true}]}}